{"id":347,"date":"2021-04-12T03:52:59","date_gmt":"2021-04-12T03:52:59","guid":{"rendered":"https:\/\/hsjuriquilla.com\/upgrade?page_id=347"},"modified":"2025-10-16T12:17:49","modified_gmt":"2025-10-16T18:17:49","slug":"services","status":"publish","type":"page","link":"https:\/\/hsjuriquilla.com\/?page_id=347","title":{"rendered":"Servicios"},"content":{"rendered":"\t\t<div data-elementor-type=\"wp-page\" data-elementor-id=\"347\" class=\"elementor elementor-347\">\n\t\t\t\t\t\t\t\t\t<section class=\"elementor-section elementor-top-section elementor-element elementor-element-7ca6b67 elementor-section-full_width elementor-section-height-default elementor-section-height-default\" data-id=\"7ca6b67\" data-element_type=\"section\">\n\t\t\t\t\t\t<div class=\"elementor-container elementor-column-gap-no\">\n\t\t\t\t\t<div class=\"elementor-column elementor-col-100 elementor-top-column elementor-element elementor-element-2da7b75\" data-id=\"2da7b75\" data-element_type=\"column\">\n\t\t\t<div class=\"elementor-widget-wrap\">\n\t\t\t\t\t\t\t\t\t<\/div>\n\t\t<\/div>\n\t\t\t\t\t\t\t<\/div>\n\t\t<\/section>\n\t\t\t\t<section class=\"elementor-section elementor-top-section elementor-element elementor-element-51822c3 elementor-section-full_width elementor-section-height-default elementor-section-height-default\" data-id=\"51822c3\" data-element_type=\"section\">\n\t\t\t\t\t\t<div class=\"elementor-container elementor-column-gap-no\">\n\t\t\t\t\t<div class=\"elementor-column elementor-col-100 elementor-top-column elementor-element elementor-element-c780f65\" data-id=\"c780f65\" data-element_type=\"column\">\n\t\t\t<div class=\"elementor-widget-wrap elementor-element-populated\">\n\t\t\t\t\t\t\t\t<div class=\"elementor-element elementor-element-d6565ca elementor-widget elementor-widget-plumbio_service_tabtwo\" data-id=\"d6565ca\" data-element_type=\"widget\" data-widget_type=\"plumbio_service_tabtwo.default\">\n\t\t\t\t<div class=\"elementor-widget-container\">\n\t\t\t \n\t\t<div class=\"section-indent\">\n\t\t\t<div class=\"container container__fluid-xl\">\n\t\t\t\t<div class=\"blocktitle text-center blocktitle__min-width03\">\n\t\t\t\t\t<div class=\"blocktitle__under\">Servicios<\/div>\n\t\t\t\t\t<div class=\"blocktitle__subtitle\">Nuestros procesos<\/div>\n\t\t\t\t\t<div class=\"blocktitle__title\">\u00bfC\u00f3mo lo hacemos?<\/div>\n\t\t\t\t\t<div class=\"blocktitle__text blocktitle__text-nopadding\">\n\t\t\t\t\t\t\t\t\t\t\t<\/div>\n\t\t\t\t<\/div>\n\t\t\t<\/div>\n\t\t\t<div class=\"section-wrapper section-indent-negative05\">\n\t\t\t\t<div class=\"container container__fluid-xl\">\n\t\t\t\t\t<!-- tabs -->\n\t\t\t\t\t<div class=\"tabs-dafault tabs__01 js-tabs tabs__indent-negative03\">\n\t\t\t\t\t\t<div class=\"tabs__nav tabs__nav-size-sm tabs__nav-center\">\n\t\t\t\t\t\t\t\t\t\t\t\t\t \n\n\t\t\t\t\t\t\t<div class=\"tabs__nav-item active\" data-pathtab=\"tab02-elementor-widget-plumbio_service_tabtwo1\">\n\t\t\t\t\t\t\t\t<div class=\"tt-text\">AGUA POTABLE<\/div>\n\t\t\t\t\t\t\t<\/div>\n\t\t\t\t\t\t\t\t\t\t\t\t\t\t \n\n\t\t\t\t\t\t\t<div class=\"tabs__nav-item \" data-pathtab=\"tab02-elementor-widget-plumbio_service_tabtwo2\">\n\t\t\t\t\t\t\t\t<div class=\"tt-text\">SANEAMIENTO <\/div>\n\t\t\t\t\t\t\t<\/div>\n\t\t\t\t\t\t\t\t\t\t\t\t\t\t \n\n\t\t\t\t\t\t\t<div class=\"tabs__nav-item \" data-pathtab=\"tab02-elementor-widget-plumbio_service_tabtwo3\">\n\t\t\t\t\t\t\t\t<div class=\"tt-text\">ATENCI\u00d3N A CLIENTES<\/div>\n\t\t\t\t\t\t\t<\/div>\n\t\t\t\t\t\t\t\t\t\t\t\t\t<\/div>\n\t\t\t\t\t\t<div class=\"tabs__container\">\n\n\t\t\t\t\t\t\t\t\t\t\t\t\t\t \n\t\t\t\t\t\t\t\t<div class=\"tabs__layout-item active\" id=\"tab02-elementor-widget-plumbio_service_tabtwo1\">\n\t\t\t\t\t\t\t\t\t<div class=\"row flex-sm-row-reverse\">\n\t\t\t\t\t\t\t\t\t\t<div class=\"col-md-6\">\n\t\t\t\t\t\t\t\t\t\t\t<picture class=\"same-height-img\">\n\t\t\t\t\t\t\t\t\t\t\t<img width=\"1566\" height=\"980\" src=\"https:\/\/hsjuriquilla.com\/wp-content\/uploads\/2022\/06\/Captura-de-Pantalla-2022-06-16-a-las-16.42.16.png\" class=\"attachment-full size-full\" alt=\"\" decoding=\"async\" loading=\"lazy\" \/>\t\t\t\t\t\t\t\t\t\t\t<\/picture>\n\t\t\t\t\t\t\t\t\t\t<\/div>\n\t\t\t\t\t\t\t\t\t\t<div class=\"divider tt-visible__mobile\"><\/div>\n\t\t\t\t\t\t\t\t\t\t<div class=\"col-md-6\">\n\t\t\t\t\t\t\t\t\t\t\t<div class=\"blocktitle text-left\">\n\t\t\t\t\t\t\t\t\t\t\t\t<div class=\"blocktitle__title\">AGUA POTABLE<\/div>\n\t\t\t\t\t\t\t\t\t\t\t<\/div>\n\t\t\t\t\t\t\t\t\t\t\t<p>\n\t\t\t\t\t\t\t\t\t\t\t\tMediante un sistema de bombeo extraemos agua de nuestros pozos que despu\u00e9s es almacenada en nuestros tanques colocados de manera estrat\u00e9gica para la correcta distribuci\u00f3n a trav\u00e9s de gravedad. \nContamos con un sistema de desinfecci\u00f3n mediante hipoclorito de sodio que s inyectado en las tuber\u00edas al momento de la extracci\u00f3n con lo que garantizamos la eliminaci\u00f3n de bacterias y virus hasta niveles seguros para el consumo. \nMantenimientos anuales para garantizar su funcionamiento. \nContamos con generadores de emergencia en los dos pozos para garantizar el abasto en todos nuestros fraccionamientos en caso de que sea interrumpido el suministro de luz.  \n\t\t\t\t\t\t\t\t\t\t\t<\/p>\n\t\t\t\t\t\t\t\t\t\t\t<ul class=\"tt-list tt-list__color01 tt-list_top03\">\n\t\t\t\t\t\t\t\t\t\t\t\t\t\t\t\t\t\t\t\t\t\t\t<\/ul>\n\t\t\t\t\t\t\t\t\t\t\t\t\t\t\t\t\t\t\t\t\t<\/div>\n\t\t\t\t\t\t\t\t\t<\/div>\n\t\t\t\t\t\t\t\t<\/div> \n\t\t\t\t\t\t\t\t\t\t\t\t\t\t\t \n\t\t\t\t\t\t\t\t<div class=\"tabs__layout-item \" id=\"tab02-elementor-widget-plumbio_service_tabtwo2\">\n\t\t\t\t\t\t\t\t\t<div class=\"row flex-sm-row-reverse\">\n\t\t\t\t\t\t\t\t\t\t<div class=\"col-md-6\">\n\t\t\t\t\t\t\t\t\t\t\t<picture class=\"same-height-img\">\n\t\t\t\t\t\t\t\t\t\t\t<img width=\"506\" height=\"412\" src=\"https:\/\/hsjuriquilla.com\/wp-content\/uploads\/2022\/06\/Mesa-de-trabajo-4-copia-3.png\" class=\"attachment-full size-full\" alt=\"\" decoding=\"async\" loading=\"lazy\" \/>\t\t\t\t\t\t\t\t\t\t\t<\/picture>\n\t\t\t\t\t\t\t\t\t\t<\/div>\n\t\t\t\t\t\t\t\t\t\t<div class=\"divider tt-visible__mobile\"><\/div>\n\t\t\t\t\t\t\t\t\t\t<div class=\"col-md-6\">\n\t\t\t\t\t\t\t\t\t\t\t<div class=\"blocktitle text-left\">\n\t\t\t\t\t\t\t\t\t\t\t\t<div class=\"blocktitle__title\">SANEAMIENTO <\/div>\n\t\t\t\t\t\t\t\t\t\t\t<\/div>\n\t\t\t\t\t\t\t\t\t\t\t<p>\n\t\t\t\t\t\t\t\t\t\t\t\tA trav\u00e9s de un sistema de drenaje captamos el total de aguas residuales de nuestros colonos y las llevamos a nuestras 4 plantas de tratamiento, donde mediante un sistema de lodos activados logramos que vuelva a ser utilizable.\nLa calidad de esta agua nos permite tener contacto humano (cumpliendo la Nom 003). El agua resultante es distribuida en nuestros fraccionamientos en camiones sisterna y es utilizada en riego de \u00e1reas verdes y terracer\u00edas, y para abastecimiento de los lagos. \nCon lo cual reducimos considerablemente el uso de agua potable y le damos una segunda vida a las aguas resultantes del uso de nuestros residentes. \n\t\t\t\t\t\t\t\t\t\t\t<\/p>\n\t\t\t\t\t\t\t\t\t\t\t<ul class=\"tt-list tt-list__color01 tt-list_top03\">\n\t\t\t\t\t\t\t\t\t\t\t\t\t\t\t\t\t\t\t\t\t\t\t<\/ul>\n\t\t\t\t\t\t\t\t\t\t\t\t\t\t\t\t\t\t\t\t\t<\/div>\n\t\t\t\t\t\t\t\t\t<\/div>\n\t\t\t\t\t\t\t\t<\/div> \n\t\t\t\t\t\t\t\t\t\t\t\t\t\t\t \n\t\t\t\t\t\t\t\t<div class=\"tabs__layout-item \" id=\"tab02-elementor-widget-plumbio_service_tabtwo3\">\n\t\t\t\t\t\t\t\t\t<div class=\"row flex-sm-row-reverse\">\n\t\t\t\t\t\t\t\t\t\t<div class=\"col-md-6\">\n\t\t\t\t\t\t\t\t\t\t\t<picture class=\"same-height-img\">\n\t\t\t\t\t\t\t\t\t\t\t<img width=\"2024\" height=\"988\" src=\"https:\/\/hsjuriquilla.com\/wp-content\/uploads\/2024\/10\/Captura-de-Pantalla-2024-10-22-a-las-17.44.46.png\" class=\"attachment-full size-full\" alt=\"\" decoding=\"async\" loading=\"lazy\" \/>\t\t\t\t\t\t\t\t\t\t\t<\/picture>\n\t\t\t\t\t\t\t\t\t\t<\/div>\n\t\t\t\t\t\t\t\t\t\t<div class=\"divider tt-visible__mobile\"><\/div>\n\t\t\t\t\t\t\t\t\t\t<div class=\"col-md-6\">\n\t\t\t\t\t\t\t\t\t\t\t<div class=\"blocktitle text-left\">\n\t\t\t\t\t\t\t\t\t\t\t\t<div class=\"blocktitle__title\">ATENCI\u00d3N A CLIENTES<\/div>\n\t\t\t\t\t\t\t\t\t\t\t<\/div>\n\t\t\t\t\t\t\t\t\t\t\t<p>\n\t\t\t\t\t\t\t\t\t\t\t\t\u2022\tContamos con 1 oficina de atenci\u00f3n a clientes que laboran de lunes a viernes de 9 am a 3pm y s\u00e1bados de 10 am a 2pm:<br><br>\n* Biogrand (Rosa Mar\u00eda Jim\u00e9nez 442 592 2089)<br><br>\nEn este punto de atenci\u00f3n se resuelve todo lo relativo a cuotas, cobros y aclaraciones de contratos, consumos y mediciones. <br><br>\n\u2022\tDamos atenci\u00f3n a las fugas las 24hrs los 7 d\u00edas de la semana <br>\n<b>FUGAS: <\/b>   442 592 2089 <br>\n\u2022\tReconexiones, fugas de agua y reparaciones <br>\n\u2022\tTodo lo relativo a limpieza desazolves y reparaciones de drenaje \t\t\t\t\t\t\t\t\t\t\t<\/p>\n\t\t\t\t\t\t\t\t\t\t\t<ul class=\"tt-list tt-list__color01 tt-list_top03\">\n\t\t\t\t\t\t\t\t\t\t\t\t\t\t\t\t\t\t\t\t\t\t\t<\/ul>\n\t\t\t\t\t\t\t\t\t\t\t\t\t\t\t\t\t\t\t\t\t<\/div>\n\t\t\t\t\t\t\t\t\t<\/div>\n\t\t\t\t\t\t\t\t<\/div> \n\t\t\t\t\t\t\t\t\n\n\t\t\t\t\t\t<\/div>\n\t\t\t\t\t<\/div>\n\t\t\t\t\t<!-- \/tabs -->\n\t\t\t\t<\/div>\n\t\t\t<\/div>\n\t\t<\/div> \n\t\t\t\t<\/div>\n\t\t\t\t<\/div>\n\t\t\t\t\t<\/div>\n\t\t<\/div>\n\t\t\t\t\t\t\t<\/div>\n\t\t<\/section>\n\t\t\t\t\t\t\t<\/div>\n\t\t","protected":false},"excerpt":{"rendered":"<p>Servicios Nuestros procesos \u00bfC\u00f3mo lo hacemos? AGUA POTABLE SANEAMIENTO ATENCI\u00d3N A CLIENTES AGUA POTABLE Mediante un sistema de bombeo extraemos agua de nuestros pozos que despu\u00e9s es almacenada en nuestros tanques colocados de manera estrat\u00e9gica para la correcta distribuci\u00f3n a trav\u00e9s de gravedad. Contamos con un sistema de desinfecci\u00f3n mediante hipoclorito de sodio que s [&hellip;]<\/p>\n","protected":false},"author":4,"featured_media":2564,"parent":0,"menu_order":0,"comment_status":"closed","ping_status":"closed","template":"elementor_header_footer","meta":[],"_links":{"self":[{"href":"https:\/\/hsjuriquilla.com\/index.php?rest_route=\/wp\/v2\/pages\/347"}],"collection":[{"href":"https:\/\/hsjuriquilla.com\/index.php?rest_route=\/wp\/v2\/pages"}],"about":[{"href":"https:\/\/hsjuriquilla.com\/index.php?rest_route=\/wp\/v2\/types\/page"}],"author":[{"embeddable":true,"href":"https:\/\/hsjuriquilla.com\/index.php?rest_route=\/wp\/v2\/users\/4"}],"replies":[{"embeddable":true,"href":"https:\/\/hsjuriquilla.com\/index.php?rest_route=%2Fwp%2Fv2%2Fcomments&post=347"}],"version-history":[{"count":88,"href":"https:\/\/hsjuriquilla.com\/index.php?rest_route=\/wp\/v2\/pages\/347\/revisions"}],"predecessor-version":[{"id":3248,"href":"https:\/\/hsjuriquilla.com\/index.php?rest_route=\/wp\/v2\/pages\/347\/revisions\/3248"}],"wp:featuredmedia":[{"embeddable":true,"href":"https:\/\/hsjuriquilla.com\/index.php?rest_route=\/wp\/v2\/media\/2564"}],"wp:attachment":[{"href":"https:\/\/hsjuriquilla.com\/index.php?rest_route=%2Fwp%2Fv2%2Fmedia&parent=347"}],"curies":[{"name":"wp","href":"https:\/\/api.w.org\/{rel}","templated":true}]}}