{"id":820,"date":"2021-04-13T08:54:56","date_gmt":"2021-04-13T08:54:56","guid":{"rendered":"https:\/\/hsjuriquilla.com\/upgrade?page_id=820"},"modified":"2026-01-21T12:14:53","modified_gmt":"2026-01-21T18:14:53","slug":"contacto","status":"publish","type":"page","link":"https:\/\/hsjuriquilla.com\/?page_id=820","title":{"rendered":"Contacto"},"content":{"rendered":"\t\t<div data-elementor-type=\"wp-page\" data-elementor-id=\"820\" class=\"elementor elementor-820\">\n\t\t\t\t\t\t\t\t\t<section class=\"elementor-section elementor-top-section elementor-element elementor-element-1a0c0622 elementor-section-full_width elementor-section-height-default elementor-section-height-default\" data-id=\"1a0c0622\" data-element_type=\"section\">\n\t\t\t\t\t\t<div class=\"elementor-container elementor-column-gap-no\">\n\t\t\t\t\t<div class=\"elementor-column elementor-col-100 elementor-top-column elementor-element elementor-element-604fe95\" data-id=\"604fe95\" data-element_type=\"column\">\n\t\t\t<div class=\"elementor-widget-wrap\">\n\t\t\t\t\t\t\t\t\t<\/div>\n\t\t<\/div>\n\t\t\t\t\t\t\t<\/div>\n\t\t<\/section>\n\t\t\t\t<section class=\"elementor-section elementor-top-section elementor-element elementor-element-7803f48 elementor-section-boxed elementor-section-height-default elementor-section-height-default\" data-id=\"7803f48\" data-element_type=\"section\">\n\t\t\t\t\t\t<div class=\"elementor-container elementor-column-gap-default\">\n\t\t\t\t\t<div class=\"elementor-column elementor-col-100 elementor-top-column elementor-element elementor-element-71a9a2a\" data-id=\"71a9a2a\" data-element_type=\"column\">\n\t\t\t<div class=\"elementor-widget-wrap elementor-element-populated\">\n\t\t\t\t\t\t\t\t<div class=\"elementor-element elementor-element-2a236ee0 elementor-widget elementor-widget-plumbio_contact\" data-id=\"2a236ee0\" data-element_type=\"widget\" data-widget_type=\"plumbio_contact.default\">\n\t\t\t\t<div class=\"elementor-widget-container\">\n\t\t\t \n\n\t\t\t<div class=\"section-inner bg-center-top lazyload\" data-bg=\"\">\n\t\t\t\t<div class=\"container container__tablet-fluid\">\n\t\t\t\t\t<div class=\"row\">\n\t\t\t\t\t\t<div class=\"col-md-5\">\n\t\t\t\t\t\t\t<div class=\"blocktitle text-left\">\n\t\t\t\t\t\t\t\t<div class=\"blocktitle__under\">Contacto<\/div>\n\t\t\t\t\t\t\t\t<div class=\"blocktitle__subtitle\">Contactanos<\/div>\n\t\t\t\t\t\t\t\t<div class=\"blocktitle__title\">Estamos para ayudarte<\/div>\n\t\t\t\t\t\t\t<\/div>\n\t\t\t\t\t\t\t<p class=\"tt-min-width-01\">\n\t\t\t\t\t\t\t\t<strong class=\"tt-base-color\">Nuestro equipo ofrece con orgullo una garant\u00eda de puntualidad y una garant\u00eda de satisfacci\u00f3n del cliente del 100%.<\/strong>\n\t\t\t\t\t\t\t<\/p>\n\t\t\t\t\t\t\t<p class=\"tt-min-width-01\">\n\t\t\t\t\t\t\t\t\t\t\t\t\t\t\t<\/p>\n\t\t\t\t\t\t\t<ul class=\"tt-list04 tt-list04__top\">\n\t\t\t\t\t\t\t\t\t\t\t\t\t\t\t\t\t <li>\n\t\t\t\t\t\t\t\t\t\t<i aria-hidden=\"true\" class=\" icon-646094\"><\/i>\t\t\t\t\t\t\t\t\t\t<strong>Correo:<\/strong>\n\t\t\t\t\t\t\t\t\t\t<a href=\"\ncontacto@hsjuriquilla.com\">contacto@hsjuriquilla.com<\/a>\t\t\t\t\t\t\t\t\t<\/li> \n\t\t\t\t\t\t\t\t\t\t\t\t\t\t\t\t<\/ul>\n\t\t\t\t\t\t\t<div class=\"tt-subtitle tt-subtitle__top\">Encu\u00e9ntranos en:<\/div>\n\t\t\t\t\t\t\t<ul class=\"tt-icon-list\">\n\t\t\t\t\t\t\t\t\t\t\t\t\t\t<li><a href=\"https:\/\/www.facebook.com\/hsjuriquilla\/about\/?ref=page_internal#\"  ><i class=\" icon-59439\"><\/i><\/a><\/li>\n\t\t\t\t\t\t\t\t\t\t\t\t\t\t<\/ul>\n\t\t\t\t\t\t<\/div>\n\t\t\t\t\t\t<div class=\"divider-noresponsive  tt-visible__mobile\"><\/div>\n\t\t\t\t\t\t<div class=\"col-md-7\">\n\t\t\t\t\t\t\t<div class=\"box-contact\">\n\t\t\t\t\t\t\t\t<div class=\"tt-subtitle\">M\u00e1ndanos un mensaje<\/div>\n\t\t\t\t\t\t\t\t<div role=\"form\" class=\"wpcf7\" id=\"wpcf7-f1071-o1\" lang=\"en-US\" dir=\"ltr\">\n<div class=\"screen-reader-response\"><p role=\"status\" aria-live=\"polite\" aria-atomic=\"true\"><\/p> <ul><\/ul><\/div>\n<form action=\"\/index.php?rest_route=%2Fwp%2Fv2%2Fpages%2F820#wpcf7-f1071-o1\" method=\"post\" class=\"wpcf7-form init\" novalidate=\"novalidate\" data-status=\"init\">\n<div style=\"display: none;\">\n<input type=\"hidden\" name=\"_wpcf7\" value=\"1071\" \/>\n<input type=\"hidden\" name=\"_wpcf7_version\" value=\"5.5.6.1\" \/>\n<input type=\"hidden\" name=\"_wpcf7_locale\" value=\"en_US\" \/>\n<input type=\"hidden\" name=\"_wpcf7_unit_tag\" value=\"wpcf7-f1071-o1\" \/>\n<input type=\"hidden\" name=\"_wpcf7_container_post\" value=\"0\" \/>\n<input type=\"hidden\" name=\"_wpcf7_posted_data_hash\" value=\"\" \/>\n<\/div>\n<div class=\"tt-form\">\n<div class=\"tt-form__group\"><span class=\"wpcf7-form-control-wrap your-name\"><input type=\"text\" name=\"your-name\" value=\"\" size=\"40\" class=\"wpcf7-form-control wpcf7-text wpcf7-validates-as-required tt-form__control\" aria-required=\"true\" aria-invalid=\"false\" placeholder=\"Nombre\" \/><\/span><\/div>\n<div class=\"row\">\n<div class=\"col-md-6\">\n<div class=\"tt-form__group\"><span class=\"wpcf7-form-control-wrap your-email\"><input type=\"email\" name=\"your-email\" value=\"\" size=\"40\" class=\"wpcf7-form-control wpcf7-text wpcf7-email wpcf7-validates-as-required wpcf7-validates-as-email tt-form__control\" aria-required=\"true\" aria-invalid=\"false\" placeholder=\"Correo\" \/><\/span><\/div>\n<\/div>\n<div class=\"col-md-6\">\n<div class=\"tt-form__group\"><span class=\"wpcf7-form-control-wrap tel-267\"><input type=\"tel\" name=\"tel-267\" value=\"\" size=\"40\" class=\"wpcf7-form-control wpcf7-text wpcf7-tel wpcf7-validates-as-required wpcf7-validates-as-tel tt-form__control\" aria-required=\"true\" aria-invalid=\"false\" placeholder=\"Tel\u00e9fono\" \/><\/span><\/div>\n<\/div>\n<\/div>\n<div class=\"tt-form__group\"><span class=\"wpcf7-form-control-wrap your-message\"><textarea name=\"your-message\" cols=\"40\" rows=\"8\" class=\"wpcf7-form-control wpcf7-textarea tt-form__control\" aria-invalid=\"false\" placeholder=\"Mensaje\"><\/textarea><\/span><\/div>\n<div class=\"tt-form__btn\"><button type=\"Enviar\" class=\"wpcf7-form-control wpcf7-submit tt-btn02\"><span> Enviar Mensaje <\/span><\/button><\/div>\n<\/div>\n<div class=\"wpcf7-response-output\" aria-hidden=\"true\"><\/div><\/form><\/div>\t\t\t\t\t\t\t<\/div>\n\t\t\t\t\t\t<\/div>\n\t\t\t\t\t<\/div>\n\t\t\t\t<\/div>\n\t\t\t<\/div>\n\t \n\t\t\n\t\t\t\t<\/div>\n\t\t\t\t<\/div>\n\t\t\t\t\t<\/div>\n\t\t<\/div>\n\t\t\t\t\t\t\t<\/div>\n\t\t<\/section>\n\t\t\t\t\t\t\t<\/div>\n\t\t","protected":false},"excerpt":{"rendered":"<p>Contacto Contactanos Estamos para ayudarte Nuestro equipo ofrece con orgullo una garant\u00eda de puntualidad y una garant\u00eda de satisfacci\u00f3n del cliente del 100%. Correo: contacto@hsjuriquilla.com Encu\u00e9ntranos en: M\u00e1ndanos un mensaje Enviar Mensaje<\/p>\n","protected":false},"author":4,"featured_media":2571,"parent":0,"menu_order":0,"comment_status":"closed","ping_status":"closed","template":"elementor_header_footer","meta":[],"_links":{"self":[{"href":"https:\/\/hsjuriquilla.com\/index.php?rest_route=\/wp\/v2\/pages\/820"}],"collection":[{"href":"https:\/\/hsjuriquilla.com\/index.php?rest_route=\/wp\/v2\/pages"}],"about":[{"href":"https:\/\/hsjuriquilla.com\/index.php?rest_route=\/wp\/v2\/types\/page"}],"author":[{"embeddable":true,"href":"https:\/\/hsjuriquilla.com\/index.php?rest_route=\/wp\/v2\/users\/4"}],"replies":[{"embeddable":true,"href":"https:\/\/hsjuriquilla.com\/index.php?rest_route=%2Fwp%2Fv2%2Fcomments&post=820"}],"version-history":[{"count":49,"href":"https:\/\/hsjuriquilla.com\/index.php?rest_route=\/wp\/v2\/pages\/820\/revisions"}],"predecessor-version":[{"id":3264,"href":"https:\/\/hsjuriquilla.com\/index.php?rest_route=\/wp\/v2\/pages\/820\/revisions\/3264"}],"wp:featuredmedia":[{"embeddable":true,"href":"https:\/\/hsjuriquilla.com\/index.php?rest_route=\/wp\/v2\/media\/2571"}],"wp:attachment":[{"href":"https:\/\/hsjuriquilla.com\/index.php?rest_route=%2Fwp%2Fv2%2Fmedia&parent=820"}],"curies":[{"name":"wp","href":"https:\/\/api.w.org\/{rel}","templated":true}]}}