{"id":842,"date":"2021-04-13T09:05:07","date_gmt":"2021-04-13T09:05:07","guid":{"rendered":"https:\/\/hsjuriquilla.com\/upgrade?page_id=842"},"modified":"2026-04-28T14:22:42","modified_gmt":"2026-04-28T20:22:42","slug":"nosotros","status":"publish","type":"page","link":"https:\/\/hsjuriquilla.com\/?page_id=842","title":{"rendered":"Nosotros"},"content":{"rendered":"\t\t<div data-elementor-type=\"wp-page\" data-elementor-id=\"842\" class=\"elementor elementor-842\">\n\t\t\t\t\t\t\t\t\t<section class=\"elementor-section elementor-top-section elementor-element elementor-element-67eb7044 elementor-section-full_width elementor-section-height-default elementor-section-height-default\" data-id=\"67eb7044\" data-element_type=\"section\">\n\t\t\t\t\t\t<div class=\"elementor-container elementor-column-gap-default\">\n\t\t\t\t\t<div class=\"elementor-column elementor-col-100 elementor-top-column elementor-element elementor-element-22fbe1fc\" data-id=\"22fbe1fc\" data-element_type=\"column\">\n\t\t\t<div class=\"elementor-widget-wrap elementor-element-populated\">\n\t\t\t\t\t\t\t\t<div class=\"elementor-element elementor-element-7e3e7fb3 elementor-widget elementor-widget-about\" data-id=\"7e3e7fb3\" data-element_type=\"widget\" data-widget_type=\"about.default\">\n\t\t\t\t<div class=\"elementor-widget-container\">\n\t\t\t\t\t\t<div class=\"section-indent\">\n\t\t\t\t<div class=\"container container__fluid-lg\">\n\t\t\t\t\t<div class=\"row layout01\">\n\n\t\t\t\t\t\t<div class=\"col-sm-6 col-md-5 col-lg-6\">\n\t\t\t\t\t\t\t<div class=\"layout01__img\">\n\t\t\t\t\t\t\t\t<picture class=\"layout01__img-main\">\n\t\t\t\t\t\t\t\t   \n\t\t\t\t\t\t\t\t\t <source srcset=\"https:\/\/hsjuriquilla.com\/wp-content\/uploads\/2021\/04\/Mesa-de-trabajo-4@2x.png\" data-srcset=\"https:\/\/hsjuriquilla.com\/wp-content\/uploads\/2021\/04\/Mesa-de-trabajo-4@2x.png\" type=\"image\/jpg\">\n\t\t\t\t\t\t\t\t\t<img width=\"781\" height=\"450\" src=\"https:\/\/hsjuriquilla.com\/wp-content\/uploads\/2021\/04\/Mesa-de-trabajo-4@2x.png\" class=\"attachment-full size-full\" alt=\"\" decoding=\"async\" loading=\"lazy\" \/>\t\t\t\t\t\t\t\t<\/picture>\n\t\t\t\t\t\t\t\t<picture class=\"layout01__img-additional p-b-l\">\n\t\t\t\t\t\t\t\t   \n\t\t\t\t\t\t\t\t<source srcset=\"\" data-srcset=\"\" type=\"image\/jpg\">\n\t\t\t\t\t\t\t\t\t\t\t\t\t\t\t\t\t<\/picture>\n\t\t\t\t\t\t\t<\/div>\n\t\t\t\t\t\t<\/div>\n\t\t\t\t\t\t<div class=\"layout01__content col-sm-6 col-md-7 col-lg-6\">\n\t\t\t\t\t\t\t<div class=\"blocktitle text-left\">\n\t\t\t\t\t\t\t\t<div class=\"blocktitle__subtitle\">Nosotros<\/div>\n\t\t\t\t\t\t\t\t<h3 class=\"blocktitle__title\">Hidro Sistemas Juriquilla<\/h3>\n\t\t\t\t\t\t\t<\/div>\n\t\t\t\t\t\t\t<p>\n\t\t\t\t\t\t\t\t<strong class=\"tt-base-color\">\n\t\t\t\t\t\t\t\t\t\t\t\t\t\t\t\t\t<\/strong>\n\t\t\t\t\t\t\t<\/p>\n\t\t\t\t\t\t\t<p>\n\t\t\t\t\t\t\t\t<b>MISI\u00d3N<\/b>\n<br>\nCuidar de manera responsable la extracci\u00f3n de agua en nuestros pozos y fomentar activamente el uso racional y responsable de nuestros residentes. <br>\n\n<b>VISI\u00d3N<\/b><br>\nBuscamos ser la empresa n\u00famero uno en temas de cuidado de agua y responsabilidad en la distribuci\u00f3n de la misma; adem\u00e1s de ser un ejemplo en cuanto a tratamiento y reuso de la misma. \t\t\t\t\t\t\t<\/p>\n\t\t\t\t\t\t\t<div class=\"tt-signature tt-signature__top\">\n\t\t\t\t\t\t\t\t<div class=\"tt-signature__img\">\n\t\t\t\t\t\t\t\t\t\t\t\t\t\t\t\t<\/div>\n\t\t\t\t\t\t\t\t<div class=\"tt-signature__title\"><\/div>\n\t\t\t\t\t\t\t<\/div>\n\t\t\t\t\t\t<\/div>\n\t\t\t\t\t<\/div>\n\t\t\t\t<\/div>\n\t\t\t<\/div> \n\t\t\t\t<\/div>\n\t\t\t\t<\/div>\n\t\t\t\t\t<\/div>\n\t\t<\/div>\n\t\t\t\t\t\t\t<\/div>\n\t\t<\/section>\n\t\t\t\t<section class=\"elementor-section elementor-top-section elementor-element elementor-element-774c86c5 elementor-section-full_width elementor-section-height-default elementor-section-height-default\" data-id=\"774c86c5\" data-element_type=\"section\">\n\t\t\t\t\t\t<div class=\"elementor-container elementor-column-gap-no\">\n\t\t\t\t\t<div class=\"elementor-column elementor-col-100 elementor-top-column elementor-element elementor-element-3d8a6df9\" data-id=\"3d8a6df9\" data-element_type=\"column\">\n\t\t\t<div class=\"elementor-widget-wrap elementor-element-populated\">\n\t\t\t\t\t\t\t\t<div class=\"elementor-element elementor-element-48a7f577 elementor-widget elementor-widget-choose\" data-id=\"48a7f577\" data-element_type=\"widget\" data-widget_type=\"choose.default\">\n\t\t\t\t<div class=\"elementor-widget-container\">\n\t\t\t \n\t\t<div class=\"section-indent\">\n\t\t\t<div class=\"layout02\">\n\t\t\t\t<div class=\"layout02_bg layout02_bg-right lazyload\" data-bg=\"https:\/\/hsjuriquilla.com\/wp-content\/uploads\/2021\/09\/IMG_4397.jpg\"><\/div>\n\t\t\t\t<div class=\"container container__fluid-xl\">\n\t\t\t\t\t<div class=\"layout02__content layout02__content-indent01\">\n\t\t\t\t\t\t<div class=\"row\">\n\t\t\t\t\t\t\t<div class=\"col-md-7\">\n\t\t\t\t\t\t\t\t<div class=\"blocktitle text-left\">\n\t\t\t\t\t\t\t\t\t<div class=\"blocktitle__under\">\u00bfPorque elegirnos?<\/div>\n\t\t\t\t\t\t\t\t\t<div class=\"blocktitle__subtitle\">\u00bfPorque elegirnos?<\/div>\n\t\t\t\t\t\t\t\t\t<div class=\"blocktitle__title\">Garantizamos calidad<\/div>\n\t\t\t\t\t\t\t\t<\/div>\n\t\t\t\t\t\t\t\t<p class=\"tt-min-width-02\">\n\t\t\t\t\t\t\t\t\tNuestra prioridad n\u00famero uno es brindar un excelente servicio al cliente para todos y cada uno de los trabajos, de modo que usted se quede 100% satisfecho en todas y cada una de las ocasiones.\t\t\t\t\t\t\t\t<\/p>\n\t\t\t\t\t\t\t\t<div class=\"row tt-list_top02\">\n\t\t\t\t\t\t\t\t\t<div class=\"col-md-6 col-xl-5\">\n\t\t\t\t\t\t\t\t\t\t<ul class=\"tt-list tt-list__color01\">\n\t\t\t\t\t\t\t\t\t\t\t <li>Los clientes son nuestra prioridad<\/li>\n  <li>No tomamos el camino facil<\/li>\n  <li>Terminamos a tiempo<\/li>\n<li>Mantenemos registros precisos<\/li>\t\t\t\t\t\t\t\t\t\t<\/ul>\n\t\t\t\t\t\t\t\t\t<\/div>\n\t\t\t\t\t\t\t\t\t<div class=\"col-md-6 col-xl-6\">\n\t\t\t\t\t\t\t\t\t\t<ul class=\"tt-list tt-list__color01\">\n\t\t\t\t\t\t\t\t\t\t\t<li>Cumplimos siempre<\/li>\n   <li>La limpieza es primordial para nosotros<\/li>\n  <li>Somos puntuales<\/li>\n  <li>Somos confiables<\/li>\t\t\t\t\t\t\t\t\t\t<\/ul>\n\t\t\t\t\t\t\t\t\t<\/div>\n\t\t\t\t\t\t\t\t<\/div>\n\t\t\t\t\t\t\t<\/div>\n\t\t\t\t\t\t<\/div>\n\t\t\t\t\t<\/div>\n\t\t\t\t<\/div>\n\t\t\t<\/div>\n\t\t<\/div> \n\t\t\t\t<\/div>\n\t\t\t\t<\/div>\n\t\t\t\t\t<\/div>\n\t\t<\/div>\n\t\t\t\t\t\t\t<\/div>\n\t\t<\/section>\n\t\t\t\t<section class=\"elementor-section elementor-top-section elementor-element elementor-element-19b01bd1 elementor-section-full_width elementor-section-height-default elementor-section-height-default\" data-id=\"19b01bd1\" data-element_type=\"section\">\n\t\t\t\t\t\t<div class=\"elementor-container elementor-column-gap-no\">\n\t\t\t\t\t<div class=\"elementor-column elementor-col-100 elementor-top-column elementor-element elementor-element-f35d520\" data-id=\"f35d520\" data-element_type=\"column\">\n\t\t\t<div class=\"elementor-widget-wrap elementor-element-populated\">\n\t\t\t\t\t\t\t\t<div class=\"elementor-element elementor-element-16a78c37 elementor-widget elementor-widget-plumbio_team\" data-id=\"16a78c37\" data-element_type=\"widget\" data-widget_type=\"plumbio_team.default\">\n\t\t\t\t<div class=\"elementor-widget-container\">\n\t\t\t \n\t\t\n\t\t<div class=\"section-indent\">\n\t\t\t<div class=\"container container__fluid-lg\">\n\t\t\t\t<div class=\"blocktitle text-center blocktitle__min-width02\">\n\t\t\t\t\t<div class=\"blocktitle__under\">Nuestro Equipo<\/div>\n\t\t\t\t\t<div class=\"blocktitle__subtitle\">Nuestro Equipo<\/div>\n\t\t\t\t\t<div class=\"blocktitle__title\">HIDRO SISTEMAS<\/div>\n\t\t\t\t\t<div class=\"blocktitle__text blocktitle__min-width\">Nuestra empresa se dedica a brindar un servicio al cliente excepcional respaldado por a\u00f1os de experiencia, profesionalismo y conocimiento.<\/div>\n\t\t\t\t<\/div>\n\t\t\t\t<div class=\"row personal-02__wrapper\">\n\n\t\t\t\t\t\n\t\t\t\t\t\t<div class=\"col-md-6\">\n\t\t\t\t\t\t\t<div class=\"personal-02\">\n\t\t\t\t\t\t\t\t<div class=\"personal-02__slide\">\n\t\t\t\t\t\t\t\t\t\t\t\t\t\t\t\t\t<\/div>\n\t\t\t\t\t\t\t\t<div class=\"personal-02__img\">\n\t\t\t\t\t\t\t\t\t<picture>\n\t\t\t\t\t\t\t\t\t\t<source srcset=\"https:\/\/hsjuriquilla.com\/wp-content\/uploads\/2026\/04\/Mesa-de-trabajo-3fotoshidrosistemas.png\" data-srcset=\"https:\/\/hsjuriquilla.com\/wp-content\/uploads\/2026\/04\/Mesa-de-trabajo-3fotoshidrosistemas.png\" type=\"image\/jpg\">\n\t\t\t\t\t\t\t\t\t\t<img width=\"894\" height=\"894\" src=\"https:\/\/hsjuriquilla.com\/wp-content\/uploads\/2026\/04\/Mesa-de-trabajo-3fotoshidrosistemas.png\" class=\"attachment-full size-full\" alt=\"\" decoding=\"async\" loading=\"lazy\" \/>\t\t\t\t\t\t\t\t\t<\/picture>\n\t\t\t\t\t\t\t\t<\/div>\n\t\t\t\t\t\t\t\t<div class=\"personal-02__content\">\n\t\t\t\t\t\t\t\t\t<h6 class=\"personal-02__title\"><\/h6>\n\t\t\t\t\t\t\t\t\t<div class=\"personal-02__label\"><\/div>\n\t\t\t\t\t\t\t\t\t<p>\n\t\t\t\t\t\t\t\t\t\t<b>Rosa Mar\u00eda Jimenez<b>\n<p>\nCoordinadora de cuotas y aportaciones<\/p>\t\t\t\t\t\t\t\t\t<\/p>\n\t\t\t\t\t\t\t\t<\/div>\n\t\t\t\t\t\t\t<\/div>\n\t\t\t\t\t\t<\/div>\n\t\t\t\t \n\n\t\t\t\t<\/div>\n\t\t\t\t<!-- carusel -->\n\t\t\t\t<div class=\"block_indent01\">\n\t\t\t\t\t<div class=\"swiper-container imgbox-inner__wrapper four-items-slider\" data-carousel=\"swiper\" data-slides-sm=\"2\" data-slides-lg=\"3\" data-slides-xl=\"4\" data-slides-xxl=\"4\" data-autoplay-Delay=\"2000\">\n\t\t\t\t\t\t<div class=\"swiper-wrapper\">\n\t\t\t\t\t\t\t\t\t\t\t\t\t<div class=\"swiper-slide\">\n\t\t\t\t\t\t\t\t<a href=\"#\" class=\"personal-03\">\n\t\t\t\t\t\t\t\t\t<div class=\"personal-03__img\">\n\t\t\t\t\t\t\t\t\t\t<picture>\n\t\t\t\t\t\t\t\t\t\t<source srcset=\"https:\/\/hsjuriquilla.com\/wp-content\/uploads\/2026\/04\/Mesa-de-trabajo-5fotoshidrosistemas.png\" data-srcset=\"https:\/\/hsjuriquilla.com\/wp-content\/uploads\/2026\/04\/Mesa-de-trabajo-5fotoshidrosistemas.png\" type=\"image\/jpg\">\n\t\t\t\t\t\t\t\t\t\t\t<img width=\"894\" height=\"894\" src=\"https:\/\/hsjuriquilla.com\/wp-content\/uploads\/2026\/04\/Mesa-de-trabajo-3fotoshidrosistemas.png\" class=\"attachment-full size-full\" alt=\"\" decoding=\"async\" loading=\"lazy\" \/>\t\t\t\t\t\t\t\t\t\t<\/picture>\n\t\t\t\t\t\t\t\t\t<\/div>\n\t\t\t\t\t\t\t\t\t<div class=\"personal-03__title\">Emanuel Michel V\u00e1zquez<\/div>\n\t\t\t\t\t\t\t\t\t<div class=\"personal-03__label\"><b>Saneamiento y alcantarillado<\/b> <p><\/p><\/div>\n\t\t\t\t\t\t\t\t<\/a>\n\t\t\t\t\t\t\t<\/div>\n\t\t\t\t\t\t\t\t\t\t\t\t\t\t<div class=\"swiper-slide\">\n\t\t\t\t\t\t\t\t<a href=\"#\" class=\"personal-03\">\n\t\t\t\t\t\t\t\t\t<div class=\"personal-03__img\">\n\t\t\t\t\t\t\t\t\t\t<picture>\n\t\t\t\t\t\t\t\t\t\t<source srcset=\"https:\/\/hsjuriquilla.com\/wp-content\/uploads\/2026\/04\/Mesa-de-trabajo-4fotoshidrosistemas.png\" data-srcset=\"https:\/\/hsjuriquilla.com\/wp-content\/uploads\/2026\/04\/Mesa-de-trabajo-4fotoshidrosistemas.png\" type=\"image\/jpg\">\n\t\t\t\t\t\t\t\t\t\t\t<img width=\"894\" height=\"894\" src=\"https:\/\/hsjuriquilla.com\/wp-content\/uploads\/2026\/04\/Mesa-de-trabajo-3fotoshidrosistemas.png\" class=\"attachment-full size-full\" alt=\"\" decoding=\"async\" loading=\"lazy\" \/>\t\t\t\t\t\t\t\t\t\t<\/picture>\n\t\t\t\t\t\t\t\t\t<\/div>\n\t\t\t\t\t\t\t\t\t<div class=\"personal-03__title\">Ivan G\u00f3mez<\/div>\n\t\t\t\t\t\t\t\t\t<div class=\"personal-03__label\"><b>Residente de agua potable <\/b> <p><\/p><\/div>\n\t\t\t\t\t\t\t\t<\/a>\n\t\t\t\t\t\t\t<\/div>\n\t\t\t\t\t\t\t\t\t\t\t\t\t\t<div class=\"swiper-slide\">\n\t\t\t\t\t\t\t\t<a href=\"#\" class=\"personal-03\">\n\t\t\t\t\t\t\t\t\t<div class=\"personal-03__img\">\n\t\t\t\t\t\t\t\t\t\t<picture>\n\t\t\t\t\t\t\t\t\t\t<source srcset=\"https:\/\/hsjuriquilla.com\/wp-content\/uploads\/2026\/04\/Mesa-de-trabajo-2fotoshidrosistemas.png\" data-srcset=\"https:\/\/hsjuriquilla.com\/wp-content\/uploads\/2026\/04\/Mesa-de-trabajo-2fotoshidrosistemas.png\" type=\"image\/jpg\">\n\t\t\t\t\t\t\t\t\t\t\t<img width=\"894\" height=\"894\" src=\"https:\/\/hsjuriquilla.com\/wp-content\/uploads\/2026\/04\/Mesa-de-trabajo-3fotoshidrosistemas.png\" class=\"attachment-full size-full\" alt=\"\" decoding=\"async\" loading=\"lazy\" \/>\t\t\t\t\t\t\t\t\t\t<\/picture>\n\t\t\t\t\t\t\t\t\t<\/div>\n\t\t\t\t\t\t\t\t\t<div class=\"personal-03__title\">Dennise Curiel<\/div>\n\t\t\t\t\t\t\t\t\t<div class=\"personal-03__label\"><b>Analista de Cobranza<\/b><\/div>\n\t\t\t\t\t\t\t\t<\/a>\n\t\t\t\t\t\t\t<\/div>\n\t\t\t\t\t\t\t\t\t\t\t\t\t<\/div>\n\t\t\t\t\t\t<div class=\"swiper-pagination swiper-pagination__center\"><\/div>\n\t\t\t\t\t<\/div>\n\t\t\t\t<\/div>\n\t\t\t\t<!-- \/carusel -->\n\t\t\t<\/div>\n\t\t<\/div> \n\t\t\t\t<\/div>\n\t\t\t\t<\/div>\n\t\t\t\t\t<\/div>\n\t\t<\/div>\n\t\t\t\t\t\t\t<\/div>\n\t\t<\/section>\n\t\t\t\t<section class=\"elementor-section elementor-top-section elementor-element elementor-element-3e56bed5 elementor-section-full_width elementor-section-height-default elementor-section-height-default\" data-id=\"3e56bed5\" data-element_type=\"section\">\n\t\t\t\t\t\t<div class=\"elementor-container elementor-column-gap-no\">\n\t\t\t\t\t<div class=\"elementor-column elementor-col-100 elementor-top-column elementor-element elementor-element-3f0ca605\" data-id=\"3f0ca605\" data-element_type=\"column\">\n\t\t\t<div class=\"elementor-widget-wrap elementor-element-populated\">\n\t\t\t\t\t\t\t\t<div class=\"elementor-element elementor-element-10f93f8e elementor-widget elementor-widget-certificates\" data-id=\"10f93f8e\" data-element_type=\"widget\" data-widget_type=\"certificates.default\">\n\t\t\t\t<div class=\"elementor-widget-container\">\n\t\t\t \n\t\t<div class=\"section-indent\">\n\t\t\t<div class=\"tt-additional__bg01\">\n\t\t\t\t<div class=\"tt-additional__bg01-02 lazyload\" data-bg=\"https:\/\/hsjuriquilla.com\/wp-content\/uploads\/2021\/04\/additional_img02.png\"><\/div>\n\t\t\t\t<div class=\"tt-additional__bg02\">\n\t\t\t\t\t<div class=\"tt-row02\">\n\t\t\t\t\t\t<div class=\"tt-col\">\n\t\t\t\t\t\t\t<div class=\"blocktitle text-left\">\n\t\t\t\t\t\t\t\t<div class=\"blocktitle__subtitle\">Certificados<\/div>\n\t\t\t\t\t\t\t\t<div class=\"blocktitle__title\">Operativos Certificados<\/div>\n\t\t\t\t\t\t\t<\/div>\n\t\t\t\t\t\t<\/div>\n\t\t\t\t\t\t<div class=\"tt-col\">\n\t\t\t\t\t\t\tLos empleadores deben saber que los operativos que est\u00e1n trabajando con nosotros son competentes, calificados y completos.\t\t\t\t\t\t<\/div>\n\t\t\t\t\t<\/div>\n\t\t\t\t\t<!-- carusel -->\n\t\t\t\t\t<div class=\"swiper-container imgbox-inner__wrapper three-items-slider\" data-carousel=\"swiper\" data-slides-sm=\"2\" data-slides-lg=\"3\" data-slides-xl=\"3\" data-slides-xxl=\"3.6\" data-space-Between=\"30\" data-autoplay-Delay=\"5000\">\n\t\t\t\t\t\t<div class=\"swiper-wrapper\">\n\t\t\t\t\t\t\t\t\t\t\t\t\t\t\t\t\n\t\t\t\t\t\t\t\t<div class=\"swiper-slide\">\n\t\t\t\t\t\t\t\t\t<figure class=\"img-lightbox\">\n\t\t\t\t\t\t\t\t\t\t<a href=\"#\"   class=\"glightbox\">\n\t\t\t\t\t\t\t\t\t\t\t<img width=\"1855\" height=\"2560\" src=\"https:\/\/hsjuriquilla.com\/wp-content\/uploads\/2021\/09\/certificadohidro-02-scaled.jpg\" class=\"attachment-full size-full\" alt=\"\" decoding=\"async\" loading=\"lazy\" \/>\t\t\t\t\t\t\t\t\t\t<\/a>\n\t\t\t\t\t\t\t\t\t<\/figure>\n\t\t\t\t\t\t\t\t<\/div> \n\t\t\t\t\t\t\t\t\t\t\t\t\t<\/div>\n\t\t\t\t\t\t<div class=\"swiper-pagination pagination01\"><\/div>\n\t\t\t\t\t<\/div>\n\t\t\t\t\t<!-- \/carusel -->\n\t\t\t\t<\/div>\n\t\t\t<\/div> \n\t\t<\/div> \n\t\t\t\t<\/div>\n\t\t\t\t<\/div>\n\t\t\t\t\t<\/div>\n\t\t<\/div>\n\t\t\t\t\t\t\t<\/div>\n\t\t<\/section>\n\t\t\t\t<section class=\"elementor-section elementor-top-section elementor-element elementor-element-ead5d97 elementor-section-boxed elementor-section-height-default elementor-section-height-default\" data-id=\"ead5d97\" data-element_type=\"section\">\n\t\t\t\t\t\t<div class=\"elementor-container elementor-column-gap-default\">\n\t\t\t\t\t<div class=\"elementor-column elementor-col-100 elementor-top-column elementor-element elementor-element-f6f95ea\" data-id=\"f6f95ea\" data-element_type=\"column\">\n\t\t\t<div class=\"elementor-widget-wrap elementor-element-populated\">\n\t\t\t\t\t\t\t\t<div class=\"elementor-element elementor-element-f8d6a50 elementor-widget elementor-widget-text-editor\" data-id=\"f8d6a50\" data-element_type=\"widget\" data-widget_type=\"text-editor.default\">\n\t\t\t\t<div class=\"elementor-widget-container\">\n\t\t\t<style>\/*! elementor - v3.6.5 - 27-04-2022 *\/\n.elementor-widget-text-editor.elementor-drop-cap-view-stacked .elementor-drop-cap{background-color:#818a91;color:#fff}.elementor-widget-text-editor.elementor-drop-cap-view-framed .elementor-drop-cap{color:#818a91;border:3px solid;background-color:transparent}.elementor-widget-text-editor:not(.elementor-drop-cap-view-default) .elementor-drop-cap{margin-top:8px}.elementor-widget-text-editor:not(.elementor-drop-cap-view-default) .elementor-drop-cap-letter{width:1em;height:1em}.elementor-widget-text-editor .elementor-drop-cap{float:left;text-align:center;line-height:1;font-size:50px}.elementor-widget-text-editor .elementor-drop-cap-letter{display:inline-block}<\/style>\t\t\t\t\t\t\t\t\t\t<\/div>\n\t\t\t\t<\/div>\n\t\t\t\t\t<\/div>\n\t\t<\/div>\n\t\t\t\t\t\t\t<\/div>\n\t\t<\/section>\n\t\t\t\t\t\t\t<\/div>\n\t\t","protected":false},"excerpt":{"rendered":"<p>Nosotros Hidro Sistemas Juriquilla MISI\u00d3N Cuidar de manera responsable la extracci\u00f3n de agua en nuestros pozos y fomentar activamente el uso racional y responsable de nuestros residentes. VISI\u00d3N Buscamos ser la empresa n\u00famero uno en temas de cuidado de agua y responsabilidad en la distribuci\u00f3n de la misma; adem\u00e1s de ser un ejemplo en cuanto [&hellip;]<\/p>\n","protected":false},"author":4,"featured_media":2560,"parent":0,"menu_order":0,"comment_status":"closed","ping_status":"closed","template":"elementor_header_footer","meta":[],"_links":{"self":[{"href":"https:\/\/hsjuriquilla.com\/index.php?rest_route=\/wp\/v2\/pages\/842"}],"collection":[{"href":"https:\/\/hsjuriquilla.com\/index.php?rest_route=\/wp\/v2\/pages"}],"about":[{"href":"https:\/\/hsjuriquilla.com\/index.php?rest_route=\/wp\/v2\/types\/page"}],"author":[{"embeddable":true,"href":"https:\/\/hsjuriquilla.com\/index.php?rest_route=\/wp\/v2\/users\/4"}],"replies":[{"embeddable":true,"href":"https:\/\/hsjuriquilla.com\/index.php?rest_route=%2Fwp%2Fv2%2Fcomments&post=842"}],"version-history":[{"count":104,"href":"https:\/\/hsjuriquilla.com\/index.php?rest_route=\/wp\/v2\/pages\/842\/revisions"}],"predecessor-version":[{"id":3307,"href":"https:\/\/hsjuriquilla.com\/index.php?rest_route=\/wp\/v2\/pages\/842\/revisions\/3307"}],"wp:featuredmedia":[{"embeddable":true,"href":"https:\/\/hsjuriquilla.com\/index.php?rest_route=\/wp\/v2\/media\/2560"}],"wp:attachment":[{"href":"https:\/\/hsjuriquilla.com\/index.php?rest_route=%2Fwp%2Fv2%2Fmedia&parent=842"}],"curies":[{"name":"wp","href":"https:\/\/api.w.org\/{rel}","templated":true}]}}